{"id":1502,"date":"2023-08-20T22:58:23","date_gmt":"2023-08-20T20:58:23","guid":{"rendered":"http:\/\/serwer184961.lh.pl\/autoinstalator\/serwer184961.lh.pl\/wordpress31136\/?page_id=1502"},"modified":"2023-08-20T23:12:27","modified_gmt":"2023-08-20T21:12:27","slug":"oferta","status":"publish","type":"page","link":"https:\/\/zusm.pl\/index.php\/oferta\/","title":{"rendered":"Oferta"},"content":{"rendered":"\n<p>Wychodz\u0105c na przeciw Pa\u0144stwa oczekiwaniom, oferujemy kompleksowe us\u0142ugi \u015blusarskie. Park maszynowy jaki posiadamy umo\u017cliwia nam wykonanie wszelkich prac frezersko \u2013 tokarskich, szlifierskich, spawalniczych (TIG, MAG), wycinania i t\u0142oczenia na prasach hydraulicznych, mechanicznych i balansowych oraz zgrzewania i polerowania detali a tak\u017ce ci\u0119cia laserowego i gi\u0119cia blach prasami kraw\u0119dziowymi.<\/p>\n\n\n\n<p>Wykonujemy r\u00f3wnie\u017c:<\/p>\n\n\n\n<ul class=\"wp-block-list\">\n<li>wykrojniki<\/li>\n\n\n\n<li>wiertniki<\/li>\n\n\n\n<li>t\u0142oczniki<\/li>\n<\/ul>\n","protected":false},"excerpt":{"rendered":"<p>Wychodz\u0105c na przeciw Pa\u0144stwa oczekiwaniom, oferujemy kompleksowe us\u0142ugi \u015blusarskie. Park maszynowy jaki posiadamy umo\u017cliwia nam wykonanie wszelkich prac frezersko \u2013 tokarskich, szlifierskich, spawalniczych (TIG, MAG), wycinania i t\u0142oczenia na prasach &#8230;<\/p>\n","protected":false},"author":1,"featured_media":0,"parent":0,"menu_order":0,"comment_status":"closed","ping_status":"closed","template":"template-fullwidth.php","meta":{"footnotes":""},"class_list":["post-1502","page","type-page","status-publish","hentry"],"_links":{"self":[{"href":"https:\/\/zusm.pl\/index.php\/wp-json\/wp\/v2\/pages\/1502","targetHints":{"allow":["GET"]}}],"collection":[{"href":"https:\/\/zusm.pl\/index.php\/wp-json\/wp\/v2\/pages"}],"about":[{"href":"https:\/\/zusm.pl\/index.php\/wp-json\/wp\/v2\/types\/page"}],"author":[{"embeddable":true,"href":"https:\/\/zusm.pl\/index.php\/wp-json\/wp\/v2\/users\/1"}],"replies":[{"embeddable":true,"href":"https:\/\/zusm.pl\/index.php\/wp-json\/wp\/v2\/comments?post=1502"}],"version-history":[{"count":1,"href":"https:\/\/zusm.pl\/index.php\/wp-json\/wp\/v2\/pages\/1502\/revisions"}],"predecessor-version":[{"id":1503,"href":"https:\/\/zusm.pl\/index.php\/wp-json\/wp\/v2\/pages\/1502\/revisions\/1503"}],"wp:attachment":[{"href":"https:\/\/zusm.pl\/index.php\/wp-json\/wp\/v2\/media?parent=1502"}],"curies":[{"name":"wp","href":"https:\/\/api.w.org\/{rel}","templated":true}]}}